{"id":5330,"date":"2023-03-21T16:48:21","date_gmt":"2023-03-21T15:48:21","guid":{"rendered":"https:\/\/www2.hoteldenice.com\/mentions-legales\/"},"modified":"2024-11-25T13:38:52","modified_gmt":"2024-11-25T12:38:52","slug":"informazioni-legali","status":"publish","type":"page","link":"https:\/\/www.hoteldenice.com\/it\/informazioni-legali\/","title":{"rendered":"Informazioni legali"},"content":{"rendered":"\t\t<div data-elementor-type=\"wp-page\" data-elementor-id=\"5330\" class=\"elementor elementor-5330 elementor-986\" data-elementor-post-type=\"page\">\n\t\t\t\t<div class=\"elementor-element elementor-element-c80a8c4 e-flex e-con-boxed e-con e-parent\" data-id=\"c80a8c4\" data-element_type=\"container\" data-e-type=\"container\" data-settings=\"{&quot;background_background&quot;:&quot;classic&quot;}\">\n\t\t\t\t\t<div class=\"e-con-inner\">\n\t\t\t\t\t<\/div>\n\t\t\t\t<\/div>\n\t\t<div class=\"elementor-element elementor-element-2ca030d e-flex e-con-boxed e-con e-parent\" data-id=\"2ca030d\" data-element_type=\"container\" data-e-type=\"container\" data-settings=\"{&quot;background_background&quot;:&quot;classic&quot;}\">\n\t\t\t\t\t<div class=\"e-con-inner\">\n\t\t\t\t<div class=\"elementor-element elementor-element-c174758 elementor-widget__width-initial elementor-widget-mobile__width-inherit elementor-widget elementor-widget-heading\" data-id=\"c174758\" data-element_type=\"widget\" data-e-type=\"widget\" data-widget_type=\"heading.default\">\n\t\t\t\t<div class=\"elementor-widget-container\">\n\t\t\t\t\t<h2 class=\"elementor-heading-title elementor-size-default\">Informazioni legali<\/h2>\t\t\t\t<\/div>\n\t\t\t\t<\/div>\n\t\t\t\t\t<\/div>\n\t\t\t\t<\/div>\n\t\t<div class=\"elementor-element elementor-element-4dea717 e-con-full e-flex e-con e-parent\" data-id=\"4dea717\" data-element_type=\"container\" data-e-type=\"container\" data-settings=\"{&quot;background_background&quot;:&quot;classic&quot;}\">\n\t\t\t\t<div class=\"elementor-element elementor-element-6084fbc elementor-widget elementor-widget-heading\" data-id=\"6084fbc\" data-element_type=\"widget\" data-e-type=\"widget\" data-widget_type=\"heading.default\">\n\t\t\t\t<div class=\"elementor-widget-container\">\n\t\t\t\t\t<h2 class=\"elementor-heading-title elementor-size-default\">Hotel de Nice<\/h2>\t\t\t\t<\/div>\n\t\t\t\t<\/div>\n\t\t\t\t<div class=\"elementor-element elementor-element-c4a9ec1 elementor-widget__width-initial elementor-widget-mobile__width-inherit elementor-widget elementor-widget-text-editor\" data-id=\"c4a9ec1\" data-element_type=\"widget\" data-e-type=\"widget\" data-widget_type=\"text-editor.default\">\n\t\t\t\t<div class=\"elementor-widget-container\">\n\t\t\t\t\t\t\t\t\tLa consultazione del sito web<strong>&#8220;www.hoteldenice.com&#8221;<\/strong> implica l&#8217;accettazione senza riserve delle presenti condizioni di utilizzo.\n<h2>Identificazione dell&#8217;editore del sito<\/h2>\nAzienda: <strong>SOCI\u00c9T\u00c9 H\u00d4TELI\u00c8RE DU BOURG TIBOURG<\/strong>\nSede legale: <strong>42 bis Rue de Rivoli, 75004 Parigi, Francia<\/strong>\nTelefono: <strong>+33 (0) 1 42 78 55 29<\/strong>\nIndirizzo e-mail: <a href=\"mailto:contact@hoteldenice.com\">contact@hoteldenice.com<\/a>\n\nCapitale sociale: <strong>299.355 \u20ac<\/strong>\nNumero SIREN: <strong>341 415 479<\/strong>\nCodice APE:<strong>5510Z<\/strong>\nNumero di partita IVA intracomunitaria: <strong>FR72 341 415 479 000 11<\/strong>\nDirettore della pubblicazione, rappresentante legale: <strong>Sig.ra RASIMI<\/strong>\n<h2>Hosting e sviluppo di siti web<\/h2>\nAzienda : <strong>Mixit7 &#8211; Web Agency<\/strong>\nSede centrale: <strong>34 avenue des Champs Elys\u00e9es, 75008 Parigi, Francia<\/strong>\nTelefono: <strong>+33 1 85 80 11 11<\/strong>\nE-mail: <strong>hello@mixit7.com<\/strong>\nSito web: <a href=\"https:\/\/www.mixit7.com\"><strong>www.mixit7.com<\/strong><\/a>\nSIRENA : <strong>842 652 547<\/strong>\n<h2>Il nostro contenuto<\/h2>\nLe informazioni pubblicate, compreso il loro aspetto e le loro caratteristiche, sul sito web hoteldenice.com non sono contrattuali e sono fornite esclusivamente a scopo informativo e per uso personale.\n\nIn nessun caso queste informazioni costituiscono un&#8217;affermazione, una garanzia o un impegno di qualsiasi tipo da parte di hoteldenice.com in relazione a qualsiasi prodotto o servizio: hoteldenice.com declina ogni responsabilit\u00e0, esplicita o implicita, in merito alla loro completezza, accuratezza o idoneit\u00e0 per qualsiasi scopo.\n\nLa SOCI\u00c9T\u00c9 H\u00d4TELI\u00c8RE DU BOURG TIBOURG si \u00e8 impegnata al massimo per garantire l&#8217;accuratezza delle informazioni accessibili tramite il proprio sito web. Tuttavia, non pu\u00f2 garantire che tali informazioni siano precise, complete e aggiornate.\n\nLa SOCI\u00c9T\u00c9 H\u00d4TELI\u00c8RE DU BOURG TIBOURG non fornisce alcuna garanzia, espressa o tacita, riguardo a tutto o parte del proprio sito web. In nessun caso hoteldenice.com potr\u00e0 essere ritenuta responsabile per qualsiasi danno diretto o indiretto derivante dall&#8217;uso del sito.\n\nChiunque desideri acquistare i servizi o i prodotti qui presentati \u00e8 pregato di contattare il fornitore del servizio in questione, l&#8217;ufficio prenotazioni dell&#8217;hotel o la propria agenzia di viaggi abituale, al fine di ottenere informazioni sul contenuto, sulla disponibilit\u00e0 dei servizi o dei prodotti in questione, nonch\u00e9 sulle condizioni contrattuali e sulle tariffe ad essi applicabili.\n\nLe tariffe, le offerte promozionali, i contenuti dei servizi e i prodotti sono soggetti a modifiche senza preavviso.\n<h2>Informativa sulla privacy<\/h2>\nAttraverso questa pagina, la SOCI\u00c9T\u00c9 H\u00d4TELI\u00c8RE DU BOURG TIBOURG desidera ricordarvi il suo impegno a rispettare scrupolosamente la fiducia che le accordate e ad applicare gli obblighi della legge 78-17 del 6 gennaio 1978 relativa a &#8220;informatica, archivi e libert\u00e0 civili&#8221; (http:\/\/www.cnil.fr ) nonch\u00e9 i principi deontologici che ne derivano per quanto riguarda i dati personali che potreste essere indotti a comunicarle nell&#8217;ambito della vostra navigazione sul suo sito web.\n\nIl sito www.hoteldenice.com \u00e8 registrato presso la Commission Nationale Informatique et Libert\u00e9 (CNIL) con il numero 1517312.\n\nIl visitatore \u00e8 invitato a consultare i dettagli completi nella <a href=\"https:\/\/www.hoteldenice.com\/en\/privacy-policy\/\">pagina<\/a> della nostra <a href=\"https:\/\/www.hoteldenice.com\/en\/privacy-policy\/\">politica sulla privacy<\/a>.\n<h2>Principi generali \/ Modulo di contatto e prenotazione<\/h2>\nRiteniamo che i vostri dati personali, ossia nome, indirizzo postale, numero di telefono, indirizzo e-mail, nonch\u00e9 i dati comunicati sul nostro sito web o generati dalla vostra navigazione, costituiscano dati riservati.\n\nIn conformit\u00e0 agli obblighi di legge, conserviamo queste informazioni in condizioni di sicurezza rafforzate e per un periodo di tempo limitato, proporzionale agli scopi per i quali ce le avete comunicate. Sono accessibili solo al nostro personale e vengono utilizzate esclusivamente per gli scopi per i quali ce le avete fornite, in particolare per elaborare le vostre richieste o per rispedirvi le informazioni che ci avete eventualmente richiesto compilando dei moduli o inviandoci un&#8217;e-mail. Alcune delle informazioni richieste in questi moduli sono facoltative. Se scegliete di non fornirci le informazioni obbligatorie, non saremo in grado di elaborare la vostra richiesta.\n\nLe condizioni generali di vendita e di cancellazione relative alle prenotazioni online o alle richieste di prenotazione sono indicate con precisione nei moduli. Gli utenti di Internet possono richiedere una copia delle condizioni generali di vendita. Le soluzioni di prenotazione online richiedono all&#8217;utente di spuntare la casella &#8220;accettazione delle condizioni generali di vendita&#8221; prima di effettuare qualsiasi acquisto.\n\nI consumatori che non desiderano essere oggetto di richieste di informazioni commerciali per telefono possono iscriversi gratuitamente a Bloctel, la lista di opposizione al canvassing telefonico.\nPer maggiori informazioni: <strong>BLOCTEL<\/strong> &#8211; <a href=\"https:\/\/www.bloctel.gouv.fr\/\">https:\/\/www.bloctel.gouv.fr\/<\/a>\n<h2>Trasmissione di dati personali a terzi<\/h2>\nLe informazioni raccolte attraverso il nostro sito web non saranno trasmesse a societ\u00e0 terze.\n<h2>Esercizio del diritto di accesso<\/h2>\nQualsiasi informazione, in particolare una copia dei dati personali raccolti o generati prima, durante o dopo questo trattamento, pu\u00f2 essere comunicata alle persone che esercitano il loro diritto di accesso. \u00c8 possibile esercitare il diritto di accesso e di rettifica alle condizioni previste dalla legge 78-17 del 6 gennaio 1978 relativa a &#8220;informatica, archivi e libert\u00e0 civili&#8221; presentando una richiesta direttamente per posta a:\n\n<strong>H\u00f4tel de Nice<\/strong>\n<strong>Direzione dell&#8217;albergo<\/strong>\n<strong>42 bis Rue de Rivoli, 75004 Parigi, Francia<\/strong>\nEmail: <a href=\"mailto:contact@hoteldenice.com\"><strong>contact@hoteldenice.com<\/strong><\/a>\n\nLe nostre piattaforme server non sono progettate o configurate in modo da raccogliere informazioni personali sui visitatori del sito, ad eccezione dei seguenti dati: fonte delle connessioni (fornitore di accesso), indirizzo IP, tipo e versione del browser utilizzato. In nessun caso raccogliamo l&#8217;indirizzo e-mail dei visitatori, a meno che non ce lo forniscano deliberatamente.\n<h2>I cookie<\/h2>\nI dati di traffico e i file di cookie che impiantiamo sul vostro computer hanno la seguente finalit\u00e0: ci permettono di effettuare, all&#8217;interno, analisi di frequenza delle nostre pagine informative per migliorarne il contenuto. I dati relativi alla navigazione dei visitatori non sono sfruttati nominalmente. Si tratta di statistiche affidabili che consentono di conoscere le pagine pi\u00f9 e meno popolari, i percorsi preferiti, i livelli di attivit\u00e0 per giorno del semestre e per ora del giorno, i principali errori dei clienti o del servizio.\n\nVi informiamo che nel vostro sistema di navigazione avete la possibilit\u00e0 di bloccare l&#8217;impianto di cookie sul vostro computer.\n<h2>Collegamenti esterni<\/h2>\nL&#8217;inserimento di link ipertestuali in direzione di altri siti o di risorse disponibili sulla rete Internet non pu\u00f2 impegnare la responsabilit\u00e0 di hoteldenice.com n\u00e9 quella del suo gestore in relazione ai contenuti proposti dai siti indicati.\n\nLa SOCI\u00c9T\u00c9 H\u00d4TELI\u00c8RE DU BOURG TIBOURG declina tutte le responsabilit\u00e0 relative ai contenuti dei siti collegati al sito web di hoteldenice.com.\n\nLa SOCI\u00c9T\u00c9 H\u00d4TELI\u00c8RE DU BOURG TIBOURG declina tutte le responsabilit\u00e0 in merito alla pertinenza delle informazioni fornite e all&#8217;utilizzo che un utente \u00e8 in grado di farne.\n\nLa creazione di link a partire da altri siti, che puntino verso una pagina di uno dei siti hoteldenice.com, non pu\u00f2 portare a inserire la pagina in questione nel contesto di un altro sito. Il mancato rispetto di queste disposizioni comporta per il\/i contendente\/i l&#8217;applicazione delle sanzioni penali e civili previste dalla legge sulla tutela dei diritti d&#8217;autore.\n<h2>Copyright<\/h2>\n\u00c8 severamente vietato utilizzare o riprodurre il nome H\u00f4tel de Nice o il suo logo, da solo o in combinazione, per qualsiasi scopo e in particolare per scopi pubblicitari senza il previo consenso scritto della SOCI\u00c9T\u00c9 H\u00d4TELI\u00c8RE DU BOURG TIBOURG.\n\nLa SOCI\u00c9T\u00c9 H\u00d4TELI\u00c8RE DU BOURG TIBOURG non \u00e8 responsabile del contenuto di altri siti ai quali l&#8217;utente pu\u00f2 accedere tramite il sito hoteldenice.com.\n<h2>Diritti di propriet\u00e0 intellettuale e industriale &#8211; Contraffazione<\/h2>\nQualsiasi riproduzione, rappresentazione o utilizzo, anche parziale, con qualsiasi mezzo, senza il consenso scritto della SOCI\u00c9T\u00c9 H\u00d4TELI\u00c8RE DU BOURG TIBOURG \u00e8 vietato e illegale. L&#8217;inosservanza di tale divieto costituisce una violazione per la quale l&#8217;autore della violazione pu\u00f2 essere ritenuto responsabile civilmente e penalmente. Inoltre, i terzi proprietari del contenuto violato, a prescindere dalla sua natura, hanno il diritto di intraprendere azioni legali contro i trasgressori. Questa disposizione si applica anche agli utenti di Internet di passaggio.\n<h2>Ritrattazione<\/h2>\nAi sensi dell&#8217;articolo L.221-28 del Codice del Consumo francese, il cliente non dispone del diritto di recesso previsto dall&#8217;articolo L. 121-20 del Codice del Consumo francese.\n<h2>Reclami<\/h2>\nQualsiasi reclamo relativo a una prenotazione deve essere inviato dal Cliente a mezzo raccomandata con ricevuta di ritorno al seguente indirizzo dell&#8217;Hotel, entro e non oltre quindici (15) giorni dall&#8217;ultimo pernottamento, a pena di preclusione:\n\n<strong>Attribuzione della giurisdizione e deferimento al mediatore dei consumatori<\/strong>\n\nLe presenti Condizioni Generali e il rapporto contrattuale tra il Fornitore del Servizio e il Cliente sono disciplinati dalla legge francese.\n\nTUTTE LE CONTROVERSIE CUI POSSONO DAR LUOGO LE OPERAZIONI DI COMPRAVENDITA STIPULATE AI SENSI DELLE PRESENTI CONDIZIONI GENERALI, RIGUARDANTI LA VALIDIT\u00c0, L&#8217;INTERPRETAZIONE, L&#8217;ESECUZIONE, LA RISOLUZIONE, LE CONSEGUENZE E GLI EFFETTI DELLE STESSE E CHE NON HANNO POTUTO ESSERE RISOLTE TRA IL PRESTATORE DI SERVIZI E IL CLIENTE, SARANNO SOTTOPOSTE AI TRIBUNALI COMPETENTI SECONDO LE CONDIZIONI DEL DIRITTO COMUNE.\n\nTuttavia, il Cliente si impegna a cercare una soluzione amichevole prima di intraprendere qualsiasi azione legale.\n\nDopo aver sottoposto la questione al servizio clienti e in mancanza di una risposta soddisfacente entro 15 giorni, il cliente pu\u00f2 rivolgersi all&#8217;Ombudsman del turismo e dei viaggi, i cui recapiti sono indicati di seguito:\n\nMTV M\u00e9diation Tourisme Voyage\nBP 80 303\n75823 Parigi Cedex 17 Francia\nEmail: <a href=\"mailto:info@mtv.travel\">info@mtv.travel<\/a>\n\nPer ulteriori informazioni sull&#8217;Ombudsman del Turismo e dei Viaggi, il Cliente pu\u00f2 consultare il suo sito web: www.mtv.travel.\n\nI clienti sono informati che possono visitare la piattaforma europea per la risoluzione delle controversie online (ODR) tra consumatori e professionisti: <a href=\"https:\/\/ec.europa.eu\/consumers\/odr\/main\/index.cfm\">https:\/\/ec.europa.eu\/consumers\/odr\/main\/index.cfm<\/a>.\n<h2>Opposizione al canvassing telefonico<\/h2>\nAi sensi dell&#8217;articolo L.223-1 del Codice del Consumo francese, tutti i consumatori hanno la possibilit\u00e0 di iscriversi gratuitamente alla lista di opposizione alle chiamate a freddo di BLOCTEL.\nPer maggiori informazioni o per registrarsi, visitate il sito ufficiale: <a href=\"\/\/www.bloctel.gouv.fr\u201d\" target=\"\u201c_blank\u201d\" rel=\"\u201cnoopener\u201d\">www.bloctel.gouv.fr<\/a>.\nSe il vostro numero di telefono viene raccolto nell&#8217;ambito delle nostre attivit\u00e0, siete informati del vostro diritto di opporvi a qualsiasi attivit\u00e0 di marketing telefonico registrandovi su questa lista.\n\n<h2>Crediti fotografici<\/h2>\nSOCI\u00c9T\u00c9 H\u00d4TELI\u00c8RE DU BOURG TIBOURG, <a href=\"https:\/\/www.maximiliensporschill.com\">Maximilien Sporschill, <\/a>Adobe Stock, Envato Elements, Wikimedia (<a href=\"https:\/\/creativecommons.org\/licenses\/by-sa\/4.0\">CC BY-SA 4.0<\/a> via Wikimedia Commons)\n<ul>\n \t<li>utente:djampa (foto Pletzl rue des Ecouffes Oratoire Fleischman)<\/li>\n \t<li>utente MOSSOT (foto Jardin des Tuileries con statue e il padiglione Marsan del palazzo del Louvre)<\/li>\n<\/ul>\t\t\t\t\t\t\t\t<\/div>\n\t\t\t\t<\/div>\n\t\t\t\t<\/div>\n\t\t\t\t<\/div>\n\t\t","protected":false},"excerpt":{"rendered":"<p>\/*! elementor &#8211; v3.23.0 &#8211; 15-07-2024 *\/ .elementor-heading-title{padding:0;margin:0;line-height:1}.elementor-widget-heading .elementor-heading-title[class*=elementor-size-]&gt;a{color:inherit;font-size:inherit;line-height:inherit}.elementor-widget-heading .elementor-heading-title.elementor-size-small{font-size:15px}.elementor-widget-heading .elementor-heading-title.elementor-size-medium{font-size:19px}.elementor-widget-heading .elementor-heading-title.elementor-size-large{font-size:29px}.elementor-widget-heading .elementor-heading-title.elementor-size-xl{font-size:39px}.elementor-widget-heading .elementor-heading-title.elementor-size-xxl{font-size:59px} Informazioni legali Hotel de Nice La consultazione del sito web&#8220;www.hoteldenice.com&#8221; implica l&#8217;accettazione senza riserve delle presenti condizioni di utilizzo. Identificazione dell&#8217;editore del sito Azienda: SOCI\u00c9T\u00c9 H\u00d4TELI\u00c8RE DU BOURG TIBOURG Sede legale: 42 bis Rue de Rivoli, 75004 Parigi, Francia Telefono: +33 [&hellip;]<\/p>\n","protected":false},"author":2,"featured_media":5331,"parent":0,"menu_order":0,"comment_status":"closed","ping_status":"closed","template":"","meta":{"_acf_changed":false,"footnotes":""},"class_list":["post-5330","page","type-page","status-publish","has-post-thumbnail","hentry"],"acf":[],"_links":{"self":[{"href":"https:\/\/www.hoteldenice.com\/it\/wp-json\/wp\/v2\/pages\/5330","targetHints":{"allow":["GET"]}}],"collection":[{"href":"https:\/\/www.hoteldenice.com\/it\/wp-json\/wp\/v2\/pages"}],"about":[{"href":"https:\/\/www.hoteldenice.com\/it\/wp-json\/wp\/v2\/types\/page"}],"author":[{"embeddable":true,"href":"https:\/\/www.hoteldenice.com\/it\/wp-json\/wp\/v2\/users\/2"}],"replies":[{"embeddable":true,"href":"https:\/\/www.hoteldenice.com\/it\/wp-json\/wp\/v2\/comments?post=5330"}],"version-history":[{"count":13,"href":"https:\/\/www.hoteldenice.com\/it\/wp-json\/wp\/v2\/pages\/5330\/revisions"}],"predecessor-version":[{"id":6032,"href":"https:\/\/www.hoteldenice.com\/it\/wp-json\/wp\/v2\/pages\/5330\/revisions\/6032"}],"wp:featuredmedia":[{"embeddable":true,"href":"https:\/\/www.hoteldenice.com\/it\/wp-json\/wp\/v2\/media\/5331"}],"wp:attachment":[{"href":"https:\/\/www.hoteldenice.com\/it\/wp-json\/wp\/v2\/media?parent=5330"}],"curies":[{"name":"wp","href":"https:\/\/api.w.org\/{rel}","templated":true}]}}