{"id":5242,"date":"2023-02-27T16:02:03","date_gmt":"2023-02-27T15:02:03","guid":{"rendered":"https:\/\/www2.hoteldenice.com\/acces-hotel-de-nice-paris-marais\/"},"modified":"2025-11-03T14:04:38","modified_gmt":"2025-11-03T13:04:38","slug":"acceso-hotel-de-nice-paris-marais","status":"publish","type":"page","link":"https:\/\/www.hoteldenice.com\/it\/acceso-hotel-de-nice-paris-marais\/","title":{"rendered":"Accesso"},"content":{"rendered":"\t\t<div data-elementor-type=\"wp-page\" data-elementor-id=\"5242\" class=\"elementor elementor-5242 elementor-657\" data-elementor-post-type=\"page\">\n\t\t\t\t<div class=\"elementor-element elementor-element-51fd891 e-flex e-con-boxed e-con e-parent\" data-id=\"51fd891\" data-element_type=\"container\" data-e-type=\"container\" data-settings=\"{&quot;background_background&quot;:&quot;classic&quot;}\">\n\t\t\t\t\t<div class=\"e-con-inner\">\n\t\t\t\t\t<\/div>\n\t\t\t\t<\/div>\n\t\t<div class=\"elementor-element elementor-element-297d479 e-flex e-con-boxed e-con e-parent\" data-id=\"297d479\" data-element_type=\"container\" data-e-type=\"container\" data-settings=\"{&quot;background_background&quot;:&quot;classic&quot;}\">\n\t\t\t\t\t<div class=\"e-con-inner\">\n\t\t\t\t<div class=\"elementor-element elementor-element-9ff8592 elementor-widget__width-initial elementor-widget elementor-widget-heading\" data-id=\"9ff8592\" data-element_type=\"widget\" data-e-type=\"widget\" data-widget_type=\"heading.default\">\n\t\t\t\t<div class=\"elementor-widget-container\">\n\t\t\t\t\t<h1 class=\"elementor-heading-title elementor-size-default\">Un indirizzo ideale nel cuore di Parigi<\/h1>\t\t\t\t<\/div>\n\t\t\t\t<\/div>\n\t\t\t\t\t<\/div>\n\t\t\t\t<\/div>\n\t\t<div class=\"elementor-element elementor-element-d56bdb2 e-flex e-con-boxed e-con e-parent\" data-id=\"d56bdb2\" data-element_type=\"container\" data-e-type=\"container\" data-settings=\"{&quot;background_background&quot;:&quot;classic&quot;}\">\n\t\t\t\t\t<div class=\"e-con-inner\">\n\t\t\t\t<div class=\"elementor-element elementor-element-432cd58 elementor-widget elementor-widget-google_maps\" data-id=\"432cd58\" data-element_type=\"widget\" data-e-type=\"widget\" data-widget_type=\"google_maps.default\">\n\t\t\t\t<div class=\"elementor-widget-container\">\n\t\t\t\t\t\t\t<div class=\"elementor-custom-embed\">\n\t\t\t<iframe loading=\"lazy\"\n\t\t\t\t\tsrc=\"https:\/\/maps.google.com\/maps?q=H%C3%B4tel%20de%20Nice%20Paris&#038;t=m&#038;z=15&#038;output=embed&#038;iwloc=near\"\n\t\t\t\t\ttitle=\"H\u00f4tel de Nice Paris\"\n\t\t\t\t\taria-label=\"H\u00f4tel de Nice Paris\"\n\t\t\t><\/iframe>\n\t\t<\/div>\n\t\t\t\t\t\t<\/div>\n\t\t\t\t<\/div>\n\t\t\t\t<div class=\"elementor-element elementor-element-c00dae4 elementor-widget__width-inherit elementor-widget-mobile__width-inherit elementor-widget elementor-widget-text-editor\" data-id=\"c00dae4\" data-element_type=\"widget\" data-e-type=\"widget\" data-widget_type=\"text-editor.default\">\n\t\t\t\t<div class=\"elementor-widget-container\">\n\t\t\t\t\t\t\t\t\t<p><strong>Come raggiungere l&#8217;H\u00f4tel de Nice :<\/strong><\/p><p><strong>Metro:<\/strong> Stazioni pi\u00f9 vicine:<\/p><p><strong>H\u00f4tel de Ville<\/strong>: linea 1 (Ch\u00e2teau de Vincennes \/ La D\u00e9fense) o linea 11 (Ch\u00e2telet \/ Mairie des Lilas).<br \/><strong>St Paul<\/strong>: linea 1<br \/><strong>Ch\u00e2telet<\/strong> o<strong> Ch\u00e2telet les Halles<\/strong> &#8211; 7\/10 minuti a piedi<\/p><p><strong>RER:<\/strong> stazione Ch\u00e2telet les Halles: RER A: St Germain En Laye \/ Parc Disneyland. RER B: Roissy A\u00e9roport CDG \/ A\u00e9roport Orly. RER D.<\/p><p><strong>Autobus:<\/strong> 67-69-70-76-72-74-96<\/p><p><strong>Parcheggi pubblici nelle vicinanze:<\/strong> Parcheggi Baudoyer e Lobau.<\/p><p><strong>Gare Montparnasse<\/strong>: accesso diretto con l&#8217;autobus 96, scendere alla fermata &#8220;Eglise Saint-Gervais&#8221;.<br \/>Gare<strong>de<\/strong> Lyon: accesso diretto con la linea 1 della metropolitana<br \/><strong>Gare d&#8217;Austerlitz<\/strong>: prendere la linea 5 della metropolitana, poi cambiare con la linea 1 alla stazione Bastille<br \/><strong>Gare du Nord<\/strong>: accesso diretto con la linea 4 della metropolitana alla stazione Ch\u00e2telet<br \/><strong>Gare de L&#8217;Est<\/strong>: accesso diretto con la linea 4 della metropolitana alla stazione Chatelet<br \/><strong>Gare St Lazare<\/strong>: linea 12 della metropolitana, cambiare alla stazione Concorde con la linea 1 fino all&#8217;H\u00f4tel de Ville.<\/p><p><strong>Dall&#8217;aeroporto Roissy CDG<\/strong>: accesso diretto con la RER B, stazione Ch\u00e2telet les Halles<br \/><strong>Dall&#8217;aeroporto di Orly<\/strong>: linea 14 della metropolitana, cambiare alla stazione Ch\u00e2telet con la linea 1 per l&#8217;H\u00f4tel de Ville (uscita 6: rue Lobau).<\/p>\t\t\t\t\t\t\t\t<\/div>\n\t\t\t\t<\/div>\n\t\t\t\t\t<\/div>\n\t\t\t\t<\/div>\n\t\t<div class=\"elementor-element elementor-element-1a67479 e-flex e-con-boxed e-con e-parent\" data-id=\"1a67479\" data-element_type=\"container\" data-e-type=\"container\" data-settings=\"{&quot;background_background&quot;:&quot;classic&quot;}\">\n\t\t\t\t\t<div class=\"e-con-inner\">\n\t\t\t\t<div class=\"elementor-element elementor-element-2a7f2f3 elementor-widget elementor-widget-image\" data-id=\"2a7f2f3\" data-element_type=\"widget\" data-e-type=\"widget\" data-widget_type=\"image.default\">\n\t\t\t\t<div class=\"elementor-widget-container\">\n\t\t\t\t\t\t\t\t\t\t\t\t\t\t\t<img decoding=\"async\" src=\"https:\/\/www.hoteldenice.com\/wp-content\/uploads\/hotel-nice\/illustrations\/separateur-illustration-hotel-de-nice.svg\" class=\"attachment-full size-full wp-image-3051\" alt=\"\" \/>\t\t\t\t\t\t\t\t\t\t\t\t\t\t\t<\/div>\n\t\t\t\t<\/div>\n\t\t\t\t<div class=\"elementor-element elementor-element-ac950ed elementor-widget-laptop__width-initial elementor-widget elementor-widget-heading\" data-id=\"ac950ed\" data-element_type=\"widget\" data-e-type=\"widget\" data-widget_type=\"heading.default\">\n\t\t\t\t<div class=\"elementor-widget-container\">\n\t\t\t\t\t<h2 class=\"elementor-heading-title elementor-size-default\">Monumenti, musei e siti storici raggiungibili a piedi dall'hotel<\/h2>\t\t\t\t<\/div>\n\t\t\t\t<\/div>\n\t\t\t\t<div class=\"elementor-element elementor-element-ba65bc6 elementor-widget elementor-widget-ucaddon_justified_image_carousel\" data-id=\"ba65bc6\" data-element_type=\"widget\" data-e-type=\"widget\" data-widget_type=\"ucaddon_justified_image_carousel.default\">\n\t\t\t\t<div class=\"elementor-widget-container\">\n\t\t\t\t\t\n<!-- start Justified Image Carousel -->\n\t\t<link id='font-awesome-css' href='https:\/\/www.hoteldenice.com\/wp-content\/plugins\/unlimited-elements-for-elementor-premium\/assets_libraries\/font-awesome6\/fontawesome-all.min.css' type='text\/css' rel='stylesheet' >\n\t\t<link id='font-awesome-4-shim-css' href='https:\/\/www.hoteldenice.com\/wp-content\/plugins\/unlimited-elements-for-elementor-premium\/assets_libraries\/font-awesome6\/fontawesome-v4-shims.min.css' type='text\/css' rel='stylesheet' >\n\t\t<link id='owl-carousel-css' href='https:\/\/www.hoteldenice.com\/wp-content\/plugins\/unlimited-elements-for-elementor-premium\/assets_libraries\/owl-carousel-new\/assets\/owl.carousel.css' type='text\/css' rel='stylesheet' >\n\t\t<link id='fancybox-css' href='https:\/\/www.hoteldenice.com\/wp-content\/plugins\/unlimited-elements-for-elementor-premium\/assets_libraries\/fancybox3\/jquery.fancybox.min.css' type='text\/css' rel='stylesheet' >\n\n<style>\/* widget: Justified Image Carousel *\/\n\n#uc_justified_image_carousel_elementor_ba65bc6{\n  min-height:1px;\n}\n\n#uc_justified_image_carousel_elementor_ba65bc6-wrapper\n{\n  min-height:1px;\n}\n\n#uc_justified_image_carousel_elementor_ba65bc6 img{\n  height:400px !important;\n}\n\n@media only screen and (max-width: 1024px) {\n  #uc_justified_image_carousel_elementor_ba65bc6 img{\n    height:300px !important;\n  }\n}\n\n@media only screen and (max-width: 767px) {\n  #uc_justified_image_carousel_elementor_ba65bc6 img{\n    height:400px !important;\n  }\n  \n      #uc_justified_image_carousel_elementor_ba65bc6 img{\n      object-fit: cover;\n    }\n  }\n\n\n#uc_justified_image_carousel_elementor_ba65bc6 .ue-item\n{\n  overflow:hidden;\n}\n\n#uc_justified_image_carousel_elementor_ba65bc6 .item_title\n{\n  position:absolute;\n  bottom:0;\n  width:100%;\n}\n\n\n#uc_justified_image_carousel_elementor_ba65bc6 .owl-nav .owl-prev{\n    position:absolute;\n    left:0px;\n    display:inline-block;\n    text-align:center;\n}\n#uc_justified_image_carousel_elementor_ba65bc6 .owl-nav .owl-next{\n  position:absolute;\n    right:0px;\n  display:inline-block;\n  text-align:center;\n}\n\n\n\n\n<\/style>\n\n<div id=\"uc_justified_image_carousel_elementor_ba65bc6-wrapper\">\n<div class=\"owl-carousel owl-theme uc-items-wrapper  \" data-lightbox=\"false\"  id=\"uc_justified_image_carousel_elementor_ba65bc6\"  >\n    <div class=\"item ue-item\" style=\"position:relative;\">\n  \n  <a href=\"https:\/\/www.louvre.fr\/\"   target='_blank'>  \n\t\n  \n    \n    <img fetchpriority=\"high\" decoding=\"async\"  src=\"https:\/\/www.hoteldenice.com\/wp-content\/uploads\/hotel-nice\/quartier\/musee-du-louvre-winged_victory_of_samothrace.webp\" alt=\"Mus\u00e9e du Louvre - proche de l&#039;Hotel de Nice \u00e0 Paris\" width=\"685\" height=\"1024\" >\n    \n  <\/a>\n  \n  \t <div class=\"item_title\" style=\" text-align:left;\">Museo del Louvre<br \/>www.louvre.fr<\/div>\n  \t\n  \n<\/div>\n<div class=\"item ue-item\" style=\"position:relative;\">\n  \n  <a href=\"http:\/\/www.notredamedeparis.fr\/\"   target='_blank'>  \n\t\n  \n    \n    <img decoding=\"async\"  src=\"https:\/\/www.hoteldenice.com\/wp-content\/uploads\/hotel-nice\/quartier\/rose_du_transept_sud_notre-dame_de_paris.webp\" alt=\"Cath\u00e9drale de Notre Dame Paris - proche de l&#039;Hotel de Nice \u00e0 Paris\" width=\"694\" height=\"1024\" >\n    \n  <\/a>\n  \n  \t <div class=\"item_title\" style=\" text-align:left;\">Notre Dame<br \/>www.notredamedeparis.fr<\/div>\n  \t\n  \n<\/div>\n<div class=\"item ue-item\" style=\"position:relative;\">\n  \n  <a href=\"https:\/\/www.museepicassoparis.fr\/\"   target='_blank'>  \n\t\n  \n    \n    <img decoding=\"async\"  src=\"https:\/\/www.hoteldenice.com\/wp-content\/uploads\/hotel-nice\/quartier\/musee-picasso-paris.webp\" alt=\"Mus\u00e9e Picasso Paris - proche de l&#039;Hotel de Nice \u00e0 Paris\" width=\"768\" height=\"1024\" >\n    \n  <\/a>\n  \n  \t <div class=\"item_title\" style=\" text-align:left;\">Museo Picasso Parigi<br \/>www.museepicassoparis.fr<\/div>\n  \t\n  \n<\/div>\n<div class=\"item ue-item\" style=\"position:relative;\">\n  \n  <a href=\"https:\/\/www.centrepompidou.fr\/\"   target='_blank'>  \n\t\n  \n    \n    <img loading=\"lazy\" decoding=\"async\"  src=\"https:\/\/www.hoteldenice.com\/wp-content\/uploads\/hotel-nice\/quartier\/centre-pompidou-paris.webp\" alt=\"Centre Pompidou Paris - proche de l&#039;Hotel de Nice \u00e0 Paris\" width=\"593\" height=\"840\" >\n    \n  <\/a>\n  \n  \t <div class=\"item_title\" style=\" text-align:left;\">Centro Pompidou<br \/>www.centrepompidou.fr<\/div>\n  \t\n  \n<\/div>\n \n<\/div>\n<\/div>\n<!-- end Justified Image Carousel -->\t\t\t\t<\/div>\n\t\t\t\t<\/div>\n\t\t\t\t\t<\/div>\n\t\t\t\t<\/div>\n\t\t\t\t<\/div>\n\t\t","protected":false},"excerpt":{"rendered":"<p>Une adresse id\u00e9ale au c\u0153ur de Paris, comment venir \u00e0 l&#8217;H\u00f4tel de Nice  : toutes les informations d&#8217;acc\u00e8s<\/p>\n","protected":false},"author":2,"featured_media":5244,"parent":0,"menu_order":8,"comment_status":"closed","ping_status":"closed","template":"","meta":{"_acf_changed":false,"footnotes":""},"class_list":["post-5242","page","type-page","status-publish","has-post-thumbnail","hentry"],"acf":[],"_links":{"self":[{"href":"https:\/\/www.hoteldenice.com\/it\/wp-json\/wp\/v2\/pages\/5242","targetHints":{"allow":["GET"]}}],"collection":[{"href":"https:\/\/www.hoteldenice.com\/it\/wp-json\/wp\/v2\/pages"}],"about":[{"href":"https:\/\/www.hoteldenice.com\/it\/wp-json\/wp\/v2\/types\/page"}],"author":[{"embeddable":true,"href":"https:\/\/www.hoteldenice.com\/it\/wp-json\/wp\/v2\/users\/2"}],"replies":[{"embeddable":true,"href":"https:\/\/www.hoteldenice.com\/it\/wp-json\/wp\/v2\/comments?post=5242"}],"version-history":[{"count":7,"href":"https:\/\/www.hoteldenice.com\/it\/wp-json\/wp\/v2\/pages\/5242\/revisions"}],"predecessor-version":[{"id":6081,"href":"https:\/\/www.hoteldenice.com\/it\/wp-json\/wp\/v2\/pages\/5242\/revisions\/6081"}],"wp:featuredmedia":[{"embeddable":true,"href":"https:\/\/www.hoteldenice.com\/it\/wp-json\/wp\/v2\/media\/5244"}],"wp:attachment":[{"href":"https:\/\/www.hoteldenice.com\/it\/wp-json\/wp\/v2\/media?parent=5242"}],"curies":[{"name":"wp","href":"https:\/\/api.w.org\/{rel}","templated":true}]}}