{"id":5035,"date":"2023-02-27T17:27:36","date_gmt":"2023-02-27T16:27:36","guid":{"rendered":"https:\/\/www2.hoteldenice.com\/petit-dejeuner-continental-hotel-marais-rivoli\/"},"modified":"2024-06-26T01:18:46","modified_gmt":"2024-06-25T23:18:46","slug":"continental-breakfast-hotel-marais-rivoli","status":"publish","type":"page","link":"https:\/\/www.hoteldenice.com\/en\/continental-breakfast-hotel-marais-rivoli\/","title":{"rendered":"Continental breakfast"},"content":{"rendered":"\t\t<div data-elementor-type=\"wp-page\" data-elementor-id=\"5035\" class=\"elementor elementor-5035 elementor-695\" data-elementor-post-type=\"page\">\n\t\t\t\t<div class=\"elementor-element elementor-element-fc4046e e-flex e-con-boxed e-con e-parent\" data-id=\"fc4046e\" data-element_type=\"container\" data-e-type=\"container\" data-settings=\"{&quot;background_background&quot;:&quot;classic&quot;}\">\n\t\t\t\t\t<div class=\"e-con-inner\">\n\t\t\t\t\t<\/div>\n\t\t\t\t<\/div>\n\t\t<div class=\"elementor-element elementor-element-cbd36db e-flex e-con-boxed e-con e-parent\" data-id=\"cbd36db\" data-element_type=\"container\" data-e-type=\"container\" data-settings=\"{&quot;background_background&quot;:&quot;classic&quot;}\">\n\t\t\t\t\t<div class=\"e-con-inner\">\n\t\t\t\t<div class=\"elementor-element elementor-element-50b31cf elementor-widget__width-initial elementor-widget elementor-widget-heading\" data-id=\"50b31cf\" data-element_type=\"widget\" data-e-type=\"widget\" data-widget_type=\"heading.default\">\n\t\t\t\t<div class=\"elementor-widget-container\">\n\t\t\t\t\t<h3 class=\"elementor-heading-title elementor-size-default\">Continental breakfast<\/h3>\t\t\t\t<\/div>\n\t\t\t\t<\/div>\n\t\t\t\t\t<\/div>\n\t\t\t\t<\/div>\n\t\t<div class=\"elementor-element elementor-element-9750af0 e-flex e-con-boxed e-con e-parent\" data-id=\"9750af0\" data-element_type=\"container\" data-e-type=\"container\" data-settings=\"{&quot;background_background&quot;:&quot;classic&quot;}\">\n\t\t\t\t\t<div class=\"e-con-inner\">\n\t\t\t\t<div class=\"elementor-element elementor-element-5ba2f69 elementor-widget__width-initial elementor-widget-mobile__width-inherit elementor-widget elementor-widget-text-editor\" data-id=\"5ba2f69\" data-element_type=\"widget\" data-e-type=\"widget\" data-widget_type=\"text-editor.default\">\n\t\t\t\t<div class=\"elementor-widget-container\">\n\t\t\t\t\t\t\t\t\t<p>Fill up on energy before setting off to explore the city!<\/p><p>Our continental breakfast is served from 7.30am to 9.30am in the charming lounge: orange juice, tea, coffee or chocolate, baguette and croissant&#8230;<br \/><a href=\"https:\/\/www.hoteldenice.com\/contact-reservation-hotel-paris-marais\/\"><strong>Book now<\/strong><\/a> for a gourmet and satisfying start to the day.<\/p>\t\t\t\t\t\t\t\t<\/div>\n\t\t\t\t<\/div>\n\t\t\t\t\t<\/div>\n\t\t\t\t<\/div>\n\t\t<div class=\"elementor-element elementor-element-6807540 e-con-full e-flex e-con e-parent\" data-id=\"6807540\" data-element_type=\"container\" data-e-type=\"container\" data-settings=\"{&quot;background_background&quot;:&quot;classic&quot;}\">\n\t\t<div class=\"elementor-element elementor-element-fb9fba1 e-con-full e-flex e-con e-child\" data-id=\"fb9fba1\" data-element_type=\"container\" data-e-type=\"container\" data-settings=\"{&quot;background_background&quot;:&quot;classic&quot;}\">\n\t\t\t\t<div class=\"elementor-element elementor-element-75e03fc elementor-widget elementor-widget-ucaddon_remote_counter_display\" data-id=\"75e03fc\" data-element_type=\"widget\" data-e-type=\"widget\" data-widget_type=\"ucaddon_remote_counter_display.default\">\n\t\t\t\t<div class=\"elementor-widget-container\">\n\t\t\t\t\t\n<!-- start Remote Counter -->\n<style>\/* widget: Remote Counter *\/\n\n#uc_remote_counter_display_elementor_75e03fc\n{\n  display:flex;\n}\n\n<\/style>\n\n<div id=\"uc_remote_counter_display_elementor_75e03fc\" class=\"remote_counter_display\"  data-parentid='first'>\n  <div class=\"ue-counter-current\"><\/div> \n    <div class=\"ue-counter-separator\">\/<\/div>\n      <div class=\"ue-counter-total\"><\/div>\n  \t\n<\/div>\n<!-- end Remote Counter -->\t\t\t\t<\/div>\n\t\t\t\t<\/div>\n\t\t\t\t<\/div>\n\t\t<div class=\"elementor-element elementor-element-8bf4660 e-con-full e-flex e-con e-child\" data-id=\"8bf4660\" data-element_type=\"container\" data-e-type=\"container\">\n\t\t\t\t<div class=\"elementor-element elementor-element-64cb2d3 elementor-widget elementor-widget-ucaddon_justified_image_carousel\" data-id=\"64cb2d3\" data-element_type=\"widget\" data-e-type=\"widget\" data-widget_type=\"ucaddon_justified_image_carousel.default\">\n\t\t\t\t<div class=\"elementor-widget-container\">\n\t\t\t\t\t\n<!-- start Justified Image Carousel -->\n\t\t<link id='font-awesome-css' href='https:\/\/www.hoteldenice.com\/wp-content\/plugins\/unlimited-elements-for-elementor-premium\/assets_libraries\/font-awesome6\/fontawesome-all.min.css' type='text\/css' rel='stylesheet' >\n\t\t<link id='font-awesome-4-shim-css' href='https:\/\/www.hoteldenice.com\/wp-content\/plugins\/unlimited-elements-for-elementor-premium\/assets_libraries\/font-awesome6\/fontawesome-v4-shims.min.css' type='text\/css' rel='stylesheet' >\n\t\t<link id='owl-carousel-css' href='https:\/\/www.hoteldenice.com\/wp-content\/plugins\/unlimited-elements-for-elementor-premium\/assets_libraries\/owl-carousel-new\/assets\/owl.carousel.css' type='text\/css' rel='stylesheet' >\n\t\t<link id='fancybox-css' href='https:\/\/www.hoteldenice.com\/wp-content\/plugins\/unlimited-elements-for-elementor-premium\/assets_libraries\/fancybox3\/jquery.fancybox.min.css' type='text\/css' rel='stylesheet' >\n\n<style>\/* widget: Justified Image Carousel *\/\n\n#uc_justified_image_carousel_elementor_64cb2d3{\n  min-height:1px;\n}\n\n#uc_justified_image_carousel_elementor_64cb2d3-wrapper\n{\n  min-height:1px;\n}\n\n#uc_justified_image_carousel_elementor_64cb2d3 img{\n  height:400px !important;\n}\n\n@media only screen and (max-width: 1024px) {\n  #uc_justified_image_carousel_elementor_64cb2d3 img{\n    height:300px !important;\n  }\n}\n\n@media only screen and (max-width: 767px) {\n  #uc_justified_image_carousel_elementor_64cb2d3 img{\n    height:200px !important;\n  }\n  \n      #uc_justified_image_carousel_elementor_64cb2d3 img{\n      object-fit: cover;\n    }\n  }\n\n\n#uc_justified_image_carousel_elementor_64cb2d3 .ue-item\n{\n  overflow:hidden;\n}\n\n#uc_justified_image_carousel_elementor_64cb2d3 .item_title\n{\n  position:absolute;\n  bottom:0;\n  width:100%;\n}\n\n\n#uc_justified_image_carousel_elementor_64cb2d3 .owl-nav .owl-prev{\n    position:absolute;\n    left:0px;\n    display:inline-block;\n    text-align:center;\n}\n#uc_justified_image_carousel_elementor_64cb2d3 .owl-nav .owl-next{\n  position:absolute;\n    right:0px;\n  display:inline-block;\n  text-align:center;\n}\n\n\n\n\n<\/style>\n\n<div id=\"uc_justified_image_carousel_elementor_64cb2d3-wrapper\">\n<div class=\"owl-carousel owl-theme uc-items-wrapper  uc-remote-parent \" data-lightbox=\"false\"  id=\"uc_justified_image_carousel_elementor_64cb2d3\"  data-remoteid='first' data-widgetname='Justified Image Carousel' >\n    <div class=\"item ue-item\" style=\"position:relative;\">\n  \n  <a href=\"#\"  >  \n\t\n  \n    \n    <img fetchpriority=\"high\" decoding=\"async\"  src=\"https:\/\/www.hoteldenice.com\/wp-content\/uploads\/hotel-nice\/photos\/24-hotel-de-nice-paris-marais-chatelet-24-768x512.webp\" alt=\"Hotel de Nice Paris - Site Officiel - Official Website - Hotel Paris Marais Chatelet\" width=\"768\" height=\"512\" >\n    \n  <\/a>\n  \n  \t\n  \n<\/div>\n<div class=\"item ue-item\" style=\"position:relative;\">\n  \n  <a href=\"#\"  >  \n\t\n  \n    \n    <img decoding=\"async\"  src=\"https:\/\/www.hoteldenice.com\/wp-content\/uploads\/hotel-nice\/photos\/26-hotel-de-nice-paris-marais-chatelet-26-768x512.webp\" alt=\"Petit d\u00e9jeuner - Breakfast - Hotel de Nice *** Paris Hotel de Nice Paris - Site Officiel - Official Website - Hotel Paris Marais Chatelet\" width=\"768\" height=\"512\" >\n    \n  <\/a>\n  \n  \t\n  \n<\/div>\n<div class=\"item ue-item\" style=\"position:relative;\">\n  \n  <a href=\"#\"  >  \n\t\n  \n    \n    <img decoding=\"async\"  src=\"https:\/\/www.hoteldenice.com\/wp-content\/uploads\/hotel-nice\/photos\/23-hotel-de-nice-paris-marais-chatelet-23-768x512.webp\" alt=\"Hotel de Nice Paris - Site Officiel - Official Website - Hotel Paris Marais Chatelet\" width=\"768\" height=\"512\" >\n    \n  <\/a>\n  \n  \t\n  \n<\/div>\n<div class=\"item ue-item\" style=\"position:relative;\">\n  \n  <a href=\"#\"  >  \n\t\n  \n    \n    <img decoding=\"async\"  src=\"https:\/\/www.hoteldenice.com\/wp-content\/uploads\/hotel-nice\/photos\/26-hotel-de-nice-paris-marais-chatelet-26-768x512.webp\" alt=\"Petit d\u00e9jeuner - Breakfast - Hotel de Nice *** Paris Hotel de Nice Paris - Site Officiel - Official Website - Hotel Paris Marais Chatelet\" width=\"768\" height=\"512\" >\n    \n  <\/a>\n  \n  \t\n  \n<\/div>\n \n<\/div>\n<\/div>\n<!-- end Justified Image Carousel -->\t\t\t\t<\/div>\n\t\t\t\t<\/div>\n\t\t\t\t<\/div>\n\t\t\t\t<\/div>\n\t\t<div class=\"elementor-element elementor-element-7145d24 e-flex e-con-boxed e-con e-parent\" data-id=\"7145d24\" data-element_type=\"container\" data-e-type=\"container\" data-settings=\"{&quot;background_background&quot;:&quot;classic&quot;}\">\n\t\t\t\t\t<div class=\"e-con-inner\">\n\t\t<div class=\"elementor-element elementor-element-de83d50 e-con-full e-flex e-con e-child\" data-id=\"de83d50\" data-element_type=\"container\" data-e-type=\"container\">\n\t\t\t\t<div class=\"elementor-element elementor-element-ce9fc15 elementor-widget__width-initial elementor-widget-mobile__width-inherit elementor-widget elementor-widget-text-editor\" data-id=\"ce9fc15\" data-element_type=\"widget\" data-e-type=\"widget\" data-widget_type=\"text-editor.default\">\n\t\t\t\t<div class=\"elementor-widget-container\">\n\t\t\t\t\t\t\t\t\t<p>Start your day on the right foot with our continental breakfast at the Hotel de Nice in Paris. Enjoy a selection of freshly baked pastries and breads, accompanied by jams and hot or cold drinks.<\/p><p><strong>Book now<\/strong> for a delicious and convenient breakfast.<\/p><p>Breakfast comprises:<\/p>\t\t\t\t\t\t\t\t<\/div>\n\t\t\t\t<\/div>\n\t\t\t\t<div class=\"elementor-element elementor-element-9b44fce elementor-align-start elementor-icon-list--layout-traditional elementor-list-item-link-full_width elementor-widget elementor-widget-icon-list\" data-id=\"9b44fce\" data-element_type=\"widget\" data-e-type=\"widget\" data-widget_type=\"icon-list.default\">\n\t\t\t\t<div class=\"elementor-widget-container\">\n\t\t\t\t\t\t\t<ul class=\"elementor-icon-list-items\">\n\t\t\t\t\t\t\t<li class=\"elementor-icon-list-item\">\n\t\t\t\t\t\t\t\t\t\t\t<span class=\"elementor-icon-list-icon\">\n\t\t\t\t\t\t\t<i aria-hidden=\"true\" class=\"far fa-dot-circle\"><\/i>\t\t\t\t\t\t<\/span>\n\t\t\t\t\t\t\t\t\t\t<span class=\"elementor-icon-list-text\"><b>Orange juice<\/b><\/span>\n\t\t\t\t\t\t\t\t\t<\/li>\n\t\t\t\t\t\t\t\t<li class=\"elementor-icon-list-item\">\n\t\t\t\t\t\t\t\t\t\t\t<span class=\"elementor-icon-list-icon\">\n\t\t\t\t\t\t\t<i aria-hidden=\"true\" class=\"far fa-dot-circle\"><\/i>\t\t\t\t\t\t<\/span>\n\t\t\t\t\t\t\t\t\t\t<span class=\"elementor-icon-list-text\"><b>Croissant<\/b><\/span>\n\t\t\t\t\t\t\t\t\t<\/li>\n\t\t\t\t\t\t\t\t<li class=\"elementor-icon-list-item\">\n\t\t\t\t\t\t\t\t\t\t\t<span class=\"elementor-icon-list-icon\">\n\t\t\t\t\t\t\t<i aria-hidden=\"true\" class=\"far fa-dot-circle\"><\/i>\t\t\t\t\t\t<\/span>\n\t\t\t\t\t\t\t\t\t\t<span class=\"elementor-icon-list-text\"><b>Baguette<\/b><\/span>\n\t\t\t\t\t\t\t\t\t<\/li>\n\t\t\t\t\t\t\t\t<li class=\"elementor-icon-list-item\">\n\t\t\t\t\t\t\t\t\t\t\t<span class=\"elementor-icon-list-icon\">\n\t\t\t\t\t\t\t<i aria-hidden=\"true\" class=\"far fa-dot-circle\"><\/i>\t\t\t\t\t\t<\/span>\n\t\t\t\t\t\t\t\t\t\t<span class=\"elementor-icon-list-text\"><b>Jam and honey<\/b><\/span>\n\t\t\t\t\t\t\t\t\t<\/li>\n\t\t\t\t\t\t\t\t<li class=\"elementor-icon-list-item\">\n\t\t\t\t\t\t\t\t\t\t\t<span class=\"elementor-icon-list-icon\">\n\t\t\t\t\t\t\t<i aria-hidden=\"true\" class=\"far fa-dot-circle\"><\/i>\t\t\t\t\t\t<\/span>\n\t\t\t\t\t\t\t\t\t\t<span class=\"elementor-icon-list-text\"><b>Tea, coffee or hot chocolate<\/b><\/span>\n\t\t\t\t\t\t\t\t\t<\/li>\n\t\t\t\t\t\t\t\t<li class=\"elementor-icon-list-item\">\n\t\t\t\t\t\t\t\t\t\t\t<span class=\"elementor-icon-list-icon\">\n\t\t\t\t\t\t\t<i aria-hidden=\"true\" class=\"far fa-dot-circle\"><\/i>\t\t\t\t\t\t<\/span>\n\t\t\t\t\t\t\t\t\t\t<span class=\"elementor-icon-list-text\"><b>Fruit compote<\/b><\/span>\n\t\t\t\t\t\t\t\t\t<\/li>\n\t\t\t\t\t\t\t\t<li class=\"elementor-icon-list-item\">\n\t\t\t\t\t\t\t\t\t\t\t<span class=\"elementor-icon-list-icon\">\n\t\t\t\t\t\t\t<i aria-hidden=\"true\" class=\"far fa-dot-circle\"><\/i>\t\t\t\t\t\t<\/span>\n\t\t\t\t\t\t\t\t\t\t<span class=\"elementor-icon-list-text\"><b>Cheeses<\/b><\/span>\n\t\t\t\t\t\t\t\t\t<\/li>\n\t\t\t\t\t\t\t\t<li class=\"elementor-icon-list-item\">\n\t\t\t\t\t\t\t\t\t\t\t<span class=\"elementor-icon-list-icon\">\n\t\t\t\t\t\t\t<i aria-hidden=\"true\" class=\"far fa-dot-circle\"><\/i>\t\t\t\t\t\t<\/span>\n\t\t\t\t\t\t\t\t\t\t<span class=\"elementor-icon-list-text\"><b>Cereals<\/b><\/span>\n\t\t\t\t\t\t\t\t\t<\/li>\n\t\t\t\t\t\t<\/ul>\n\t\t\t\t\t\t<\/div>\n\t\t\t\t<\/div>\n\t\t\t\t<div class=\"elementor-element elementor-element-d51081d elementor-align-left elementor-widget elementor-widget-button\" data-id=\"d51081d\" data-element_type=\"widget\" data-e-type=\"widget\" data-widget_type=\"button.default\">\n\t\t\t\t<div class=\"elementor-widget-container\">\n\t\t\t\t\t\t\t\t\t<div class=\"elementor-button-wrapper\">\n\t\t\t\t\t<a class=\"elementor-button elementor-button-link elementor-size-sm\" href=\"https:\/\/www.hoteldenice.com\/en\/contact-booking-hotel-paris-marais\/\">\n\t\t\t\t\t\t<span class=\"elementor-button-content-wrapper\">\n\t\t\t\t\t\t<span class=\"elementor-button-icon\">\n\t\t\t\t<i aria-hidden=\"true\" class=\"fas fa-long-arrow-alt-right\"><\/i>\t\t\t<\/span>\n\t\t\t\t\t\t\t\t\t<span class=\"elementor-button-text\">Book now<\/span>\n\t\t\t\t\t<\/span>\n\t\t\t\t\t<\/a>\n\t\t\t\t<\/div>\n\t\t\t\t\t\t\t\t<\/div>\n\t\t\t\t<\/div>\n\t\t\t\t<\/div>\n\t\t<div class=\"elementor-element elementor-element-d58c5d4 e-con-full e-flex e-con e-child\" data-id=\"d58c5d4\" data-element_type=\"container\" data-e-type=\"container\">\n\t\t\t\t<div class=\"elementor-element elementor-element-cd14a98 elementor-widget elementor-widget-image\" data-id=\"cd14a98\" data-element_type=\"widget\" data-e-type=\"widget\" data-widget_type=\"image.default\">\n\t\t\t\t<div class=\"elementor-widget-container\">\n\t\t\t\t\t\t\t\t\t\t\t\t\t\t\t<img loading=\"lazy\" decoding=\"async\" width=\"1440\" height=\"960\" src=\"https:\/\/www.hoteldenice.com\/wp-content\/uploads\/hotel-nice\/photos\/26-hotel-de-nice-paris-marais-chatelet-26.webp\" class=\"attachment-full size-full wp-image-5037\" alt=\"\" srcset=\"https:\/\/www.hoteldenice.com\/wp-content\/uploads\/hotel-nice\/photos\/26-hotel-de-nice-paris-marais-chatelet-26.webp 1440w, https:\/\/www.hoteldenice.com\/wp-content\/uploads\/hotel-nice\/photos\/26-hotel-de-nice-paris-marais-chatelet-26-300x200.webp 300w, https:\/\/www.hoteldenice.com\/wp-content\/uploads\/hotel-nice\/photos\/26-hotel-de-nice-paris-marais-chatelet-26-1024x683.webp 1024w, https:\/\/www.hoteldenice.com\/wp-content\/uploads\/hotel-nice\/photos\/26-hotel-de-nice-paris-marais-chatelet-26-768x512.webp 768w\" sizes=\"(max-width: 1440px) 100vw, 1440px\" \/>\t\t\t\t\t\t\t\t\t\t\t\t\t\t\t<\/div>\n\t\t\t\t<\/div>\n\t\t\t\t<\/div>\n\t\t\t\t\t<\/div>\n\t\t\t\t<\/div>\n\t\t<div class=\"elementor-element elementor-element-12298a4 e-flex e-con-boxed e-con e-parent\" data-id=\"12298a4\" data-element_type=\"container\" data-e-type=\"container\" data-settings=\"{&quot;background_background&quot;:&quot;gradient&quot;}\">\n\t\t\t\t\t<div class=\"e-con-inner\">\n\t\t<a class=\"elementor-element elementor-element-045dbda e-con-full e-flex e-con e-child\" data-id=\"045dbda\" data-element_type=\"container\" data-e-type=\"container\" data-settings=\"{&quot;background_background&quot;:&quot;classic&quot;}\" href=\"https:\/\/www.hoteldenice.com\/infos-utiles-faq-hotel-de-nice-paris-marais\/\">\n\t\t\t\t<div class=\"elementor-element elementor-element-dd69619 elementor-widget elementor-widget-heading\" data-id=\"dd69619\" data-element_type=\"widget\" data-e-type=\"widget\" data-widget_type=\"heading.default\">\n\t\t\t\t<div class=\"elementor-widget-container\">\n\t\t\t\t\t<h2 class=\"elementor-heading-title elementor-size-default\">Useful information - FAQ<\/h2>\t\t\t\t<\/div>\n\t\t\t\t<\/div>\n\t\t\t\t<div class=\"elementor-element elementor-element-d17f941 elementor-widget elementor-widget-heading\" data-id=\"d17f941\" data-element_type=\"widget\" data-e-type=\"widget\" data-widget_type=\"heading.default\">\n\t\t\t\t<div class=\"elementor-widget-container\">\n\t\t\t\t\t<h2 class=\"elementor-heading-title elementor-size-default\">Read more<\/h2>\t\t\t\t<\/div>\n\t\t\t\t<\/div>\n\t\t\t\t<\/a>\n\t\t<a class=\"elementor-element elementor-element-42b9969 e-con-full e-flex e-con e-child\" data-id=\"42b9969\" data-element_type=\"container\" data-e-type=\"container\" data-settings=\"{&quot;background_background&quot;:&quot;classic&quot;}\" href=\"https:\/\/www.hoteldenice.com\/acces-hotel-de-nice-paris-marais\/\">\n\t\t\t\t<div class=\"elementor-element elementor-element-5acf279 elementor-widget elementor-widget-heading\" data-id=\"5acf279\" data-element_type=\"widget\" data-e-type=\"widget\" data-widget_type=\"heading.default\">\n\t\t\t\t<div class=\"elementor-widget-container\">\n\t\t\t\t\t<h2 class=\"elementor-heading-title elementor-size-default\">Access and directions<\/h2>\t\t\t\t<\/div>\n\t\t\t\t<\/div>\n\t\t\t\t<div class=\"elementor-element elementor-element-406c98b elementor-widget elementor-widget-heading\" data-id=\"406c98b\" data-element_type=\"widget\" data-e-type=\"widget\" data-widget_type=\"heading.default\">\n\t\t\t\t<div class=\"elementor-widget-container\">\n\t\t\t\t\t<h2 class=\"elementor-heading-title elementor-size-default\">Read more<\/h2>\t\t\t\t<\/div>\n\t\t\t\t<\/div>\n\t\t\t\t<\/a>\n\t\t\t\t\t<\/div>\n\t\t\t\t<\/div>\n\t\t\t\t<\/div>\n\t\t","protected":false},"excerpt":{"rendered":"<p>Faites le plein d\u2019\u00e9nergie avant de partir \u00e0 la d\u00e9couverte de la ville ! Savourez un repas matinal copieux et d\u00e9licieux pour bien commencer votre journ\u00e9e. R\u00e9servez d\u00e8s maintenant pour un d\u00e9but de journ\u00e9e gourmand et satisfaisant.<\/p>\n","protected":false},"author":2,"featured_media":5037,"parent":0,"menu_order":3,"comment_status":"closed","ping_status":"closed","template":"","meta":{"_acf_changed":false,"footnotes":""},"class_list":["post-5035","page","type-page","status-publish","has-post-thumbnail","hentry"],"acf":[],"_links":{"self":[{"href":"https:\/\/www.hoteldenice.com\/en\/wp-json\/wp\/v2\/pages\/5035","targetHints":{"allow":["GET"]}}],"collection":[{"href":"https:\/\/www.hoteldenice.com\/en\/wp-json\/wp\/v2\/pages"}],"about":[{"href":"https:\/\/www.hoteldenice.com\/en\/wp-json\/wp\/v2\/types\/page"}],"author":[{"embeddable":true,"href":"https:\/\/www.hoteldenice.com\/en\/wp-json\/wp\/v2\/users\/2"}],"replies":[{"embeddable":true,"href":"https:\/\/www.hoteldenice.com\/en\/wp-json\/wp\/v2\/comments?post=5035"}],"version-history":[{"count":7,"href":"https:\/\/www.hoteldenice.com\/en\/wp-json\/wp\/v2\/pages\/5035\/revisions"}],"predecessor-version":[{"id":5149,"href":"https:\/\/www.hoteldenice.com\/en\/wp-json\/wp\/v2\/pages\/5035\/revisions\/5149"}],"wp:featuredmedia":[{"embeddable":true,"href":"https:\/\/www.hoteldenice.com\/en\/wp-json\/wp\/v2\/media\/5037"}],"wp:attachment":[{"href":"https:\/\/www.hoteldenice.com\/en\/wp-json\/wp\/v2\/media?parent=5035"}],"curies":[{"name":"wp","href":"https:\/\/api.w.org\/{rel}","templated":true}]}}