{"id":5033,"date":"2023-03-21T16:48:21","date_gmt":"2023-03-21T15:48:21","guid":{"rendered":"https:\/\/www2.hoteldenice.com\/mentions-legales\/"},"modified":"2024-11-25T13:34:27","modified_gmt":"2024-11-25T12:34:27","slug":"legal-notices","status":"publish","type":"page","link":"https:\/\/www.hoteldenice.com\/en\/legal-notices\/","title":{"rendered":"Legal Notices"},"content":{"rendered":"\t\t<div data-elementor-type=\"wp-page\" data-elementor-id=\"5033\" class=\"elementor elementor-5033 elementor-986\" data-elementor-post-type=\"page\">\n\t\t\t\t<div class=\"elementor-element elementor-element-c80a8c4 e-flex e-con-boxed e-con e-parent\" data-id=\"c80a8c4\" data-element_type=\"container\" data-e-type=\"container\" data-settings=\"{&quot;background_background&quot;:&quot;classic&quot;}\">\n\t\t\t\t\t<div class=\"e-con-inner\">\n\t\t\t\t\t<\/div>\n\t\t\t\t<\/div>\n\t\t<div class=\"elementor-element elementor-element-2ca030d e-flex e-con-boxed e-con e-parent\" data-id=\"2ca030d\" data-element_type=\"container\" data-e-type=\"container\" data-settings=\"{&quot;background_background&quot;:&quot;classic&quot;}\">\n\t\t\t\t\t<div class=\"e-con-inner\">\n\t\t\t\t<div class=\"elementor-element elementor-element-c174758 elementor-widget__width-initial elementor-widget-mobile__width-inherit elementor-widget elementor-widget-heading\" data-id=\"c174758\" data-element_type=\"widget\" data-e-type=\"widget\" data-widget_type=\"heading.default\">\n\t\t\t\t<div class=\"elementor-widget-container\">\n\t\t\t\t\t<h2 class=\"elementor-heading-title elementor-size-default\">Legal notices<\/h2>\t\t\t\t<\/div>\n\t\t\t\t<\/div>\n\t\t\t\t\t<\/div>\n\t\t\t\t<\/div>\n\t\t<div class=\"elementor-element elementor-element-c3eaa76 e-con-full e-flex e-con e-parent\" data-id=\"c3eaa76\" data-element_type=\"container\" data-e-type=\"container\" data-settings=\"{&quot;background_background&quot;:&quot;classic&quot;}\">\n\t\t\t\t<div class=\"elementor-element elementor-element-6084fbc elementor-widget elementor-widget-heading\" data-id=\"6084fbc\" data-element_type=\"widget\" data-e-type=\"widget\" data-widget_type=\"heading.default\">\n\t\t\t\t<div class=\"elementor-widget-container\">\n\t\t\t\t\t<h2 class=\"elementor-heading-title elementor-size-default\">H\u00f4tel de Nice<\/h2>\t\t\t\t<\/div>\n\t\t\t\t<\/div>\n\t\t\t\t<div class=\"elementor-element elementor-element-40818d4 elementor-widget elementor-widget-text-editor\" data-id=\"40818d4\" data-element_type=\"widget\" data-e-type=\"widget\" data-widget_type=\"text-editor.default\">\n\t\t\t\t<div class=\"elementor-widget-container\">\n\t\t\t\t\t\t\t\t\t<p>Consultation of the &#8220;<strong>www.hoteldenice.com<\/strong>&#8221; website implies unreserved acceptance of these conditions of use.<\/p><h2>Site publisher identification<\/h2><p>Company: <strong>SOCI\u00c9T\u00c9 H\u00d4TELI\u00c8RE DU BOURG TIBOURG<\/strong><br \/>Registered office: <strong>42 bis Rue de Rivoli, 75004 Paris, France<\/strong><br \/>Telephone:<strong> +33 (0) 1 42 78 55 29<\/strong><br \/>E-mail address : <a href=\"mailto:contact@hoteldenice.com\">contact@hoteldenice.com<\/a><\/p><p>Share capital: <strong>299,355 \u20ac<\/strong><br \/>SIREN number: <strong>341 415 479<\/strong><br \/>APE code:<strong>5510Z<\/strong><br \/>Intracommunity VAT number: <strong>FR72 341 415 479 000 11<\/strong><br \/>Director of publication, legal representative: <strong>Mrs RASIMI<\/strong><\/p><h2>Website hosting and development<\/h2><p>Company : <strong>Mixit7 &#8211; Web Agency<\/strong><br \/>Headquarters: <strong>34 avenue des Champs Elys\u00e9es, 75008 Paris, France<\/strong><br \/>Telephone: <strong>+33 1 85 80 11 11<\/strong><br \/>E-mail: <strong>hello@mixit7.com<\/strong><br \/>Website : <strong><a href=\"https:\/\/www.mixit7.com\" target=\"_blank\" rel=\"noopener\">www.mixit7.com<\/a><\/strong><br \/>SIREN : <strong>842 652 547<\/strong><\/p><h2>Our content<\/h2><p>The information published, including its appearance and characteristics, on the hoteldenice.com website is non-contractual and is provided for information purposes and personal use only.<\/p><p>Under no circumstances does this information constitute an assertion, a guarantee or any commitment whatsoever on the part of hoteldenice.com with regard to any product or service: hoteldenice.com declines all responsibility, express or implicit, as to its completeness, accuracy or suitability for any purpose whatsoever.<\/p><p>The SOCI\u00c9T\u00c9 H\u00d4TELI\u00c8RE DU BOURG TIBOURG has made every effort to ensure that the information accessible via its website is accurate. However, we cannot guarantee that this information is accurate, complete and up-to-date.<\/p><p>The SOCI\u00c9T\u00c9 H\u00d4TELI\u00c8RE DU BOURG TIBOURG provides no guarantee, express or tacit, concerning all or part of its website. Under no circumstances may hoteldenice.com be held liable for any direct or indirect damage whatsoever arising from the use of its website.<\/p><p>Any person wishing to purchase the services or products presented here is asked to contact the service provider concerned, the hotel reservation department or their usual travel agency, in order to obtain information about the content, availability of the services or products in question, as well as the contractual conditions and rates applicable to them.<\/p><p>Rates, promotional offers, service content and products are subject to change without prior notice.<\/p><h2>Privacy Policy<\/h2><p>Through this page, the SOCI\u00c9T\u00c9 H\u00d4TELI\u00c8RE DU BOURG TIBOURG wishes to remind you of its commitment to scrupulously respect the trust you place in it and to apply the obligations of law 78-17 of 6 January 1978 relating to &#8220;information technology, files and civil liberties&#8221; (http:\/\/www.cnil.fr ) as well as the deontological principles which result from it with regard to the personal information which you may be led to communicate to it as part of your browsing on its website.<\/p><p>The www.hoteldenice.com website is registered with the Commission Nationale Informatique et Libert\u00e9 (CNIL) under No. 1517312.<\/p><p>The visitor is invited to consult full details on our <a href=\"https:\/\/www.hoteldenice.com\/en\/privacy-policy\/\">privacy policy page<\/a>.<\/p><h2>General principles \/ Contact and booking form<\/h2><p>We consider that your personal data, i.e. your name, postal address, telephone number, e-mail address, as well as any data communicated on our website or generated by your browsing, constitute confidential data.<\/p><p>In accordance with legal obligations, we store this information in reinforced security conditions and for a limited period of time proportional to the purposes for which you have communicated it to us. It is only accessible to our staff and is only used for the purposes for which you provided it to us, more specifically to process your requests or to send you back the information you may have requested from us by filling in forms or sending us an e-mail. Some of the information requested in these forms is optional. If you choose not to provide us with the mandatory information, we will not be able to process your request.<\/p><p>The general terms and conditions of sale and cancellation relating to online reservations or reservation requests are indicated precisely in the forms. Internet users may request a copy of the general terms and conditions of sale. Online booking solutions require the user to tick the box &#8220;acceptance of the general terms and conditions of sale&#8221; before making any purchase.<\/p><p>Consumers who do not wish to be the subject of commercial canvassing by telephone can register free of charge on Bloctel, the telephone canvassing opposition list.<br \/>For more information: <strong>BLOCTEL<\/strong> &#8211; <a href=\"https:\/\/www.bloctel.gouv.fr\/\" target=\"_blank\" rel=\"noopener\">https:\/\/www.bloctel.gouv.fr\/<\/a><\/p><h2>Transmission of personal data to third parties<\/h2><p>Information collected through our website will not be passed on to third-party companies.<\/p><h2>Exercising your right of access<\/h2><p>Any information, in particular a copy of the personal data collected or generated prior to, during or following this processing, may be communicated to persons exercising their right of access. You may exercise your right of access and rectification under the conditions set out in Law 78-17 of 6 January 1978 relating to &#8220;information technology, files and civil liberties&#8221; by making a request directly by post to:<\/p><p><strong>H\u00f4tel de Nice<\/strong><br \/><strong>La Direction de l&#8217;H\u00f4tel<\/strong><br \/><strong>42 bis Rue de Rivoli, 75004 Paris, France<\/strong><br \/>Email : <strong><a href=\"mailto:contact@hoteldenice.com\">contact@hoteldenice.com<\/a><\/strong><\/p><p>Our server platforms are not designed or configured in such a way as to collect personal information about visitors to the site other than the following data: source of connections (access provider), IP address, type and version of browser used. Under no circumstances do we collect the e-mail address of visitors unless they deliberately provide it to us.<\/p><h2>Cookies<\/h2><p>Les donn\u00e9es de trafic et les fichiers de cookies que nous implantons sur votre ordinateur ont la finalit\u00e9 suivante : nous permettre, en interne, de proc\u00e9der \u00e0 des analyses de fr\u00e9quentation de nos pages d&#8217;information afin d&#8217;en am\u00e9liorer le contenu. Les donn\u00e9es relatives \u00e0 la navigation des visiteurs ne sont pas exploit\u00e9es nominativement. Il s&#8217;agit de statistiques agr\u00e9g\u00e9es permettant de conna\u00eetre les pages les plus et les moins populaires, les chemins pr\u00e9f\u00e9r\u00e9s, les niveaux d&#8217;activit\u00e9 par jour de la semaine et par heure de la journ\u00e9e, les principales erreurs clients ou serveur.<\/p><p>Nous vous rappelons que vous disposez dans votre logiciel de navigation de la possibilit\u00e9 de bloquer l&#8217;implantation de cookies sur votre ordinateur.<\/p><h2>External links<\/h2><p>La mise en place de liens hypertextes en direction d&#8217;autres sites ou de ressources disponibles sur le r\u00e9seau Internet, ne saurait engager la responsabilit\u00e9 de hoteldenice.com ni celle de son h\u00e9bergeur \u00e0 raison des contenus propos\u00e9s par les sites d\u00e9sign\u00e9s.<\/p><p>La SOCI\u00c9T\u00c9 H\u00d4TELI\u00c8RE DU BOURG TIBOURG d\u00e9cline toutes responsabilit\u00e9s concernant le contenu de sites li\u00e9s au site web de hoteldenice.com.<\/p><p>La SOCI\u00c9T\u00c9 H\u00d4TELI\u00c8RE DU BOURG TIBOURG d\u00e9cline toutes responsabilit\u00e9s quant \u00e0 la pertinence des informations fournies et \u00e0 l&#8217;utilisation qu&#8217;un internaute est susceptible d&#8217;en faire.<\/p><p>La cr\u00e9ation de liens \u00e0 partir d&#8217;autres sites, pointant vers une page de l&#8217;un des sites hoteldenice.com ne peut pas conduire \u00e0 ins\u00e9rer la dite page dans le cadre d&#8217;un autre site. Le non respect de ces dispositions soumet le(s) contrevenant(s) aux peines p\u00e9nales et civiles pr\u00e9vues par la loi sur la protection des droits d&#8217;auteur.<\/p><h2>Copyright<\/h2><p>It is strictly forbidden to use or reproduce the name H\u00f4tel de Nice or its logo, alone or in combination, for any purpose whatsoever and in particular for advertising purposes without the prior written consent of SOCI\u00c9T\u00c9 H\u00d4TELI\u00c8RE DU BOURG TIBOURG.<\/p><p>The SOCI\u00c9T\u00c9 H\u00d4TELI\u00c8RE DU BOURG TIBOURG is not responsible for the content of any other site to which you may have access via the hoteldenice.com site.<\/p><h2>Intellectual and industrial property rights &#8211; Counterfeiting<\/h2><p>Any reproduction, representation or use, even partial, by any means whatsoever, without the written consent of the SOCI\u00c9T\u00c9 H\u00d4TELI\u00c8RE DU BOURG TIBOURG is prohibited and unlawful. Failure to comply with this prohibition constitutes an infringement for which the infringer may be held civilly and criminally liable. In addition, the third party owners of the infringing content, whatever its nature, are entitled to take legal action against the infringers. This provision also applies to passing internet users.<\/p><h2>Retraction<\/h2><p>In accordance with article L.221-28 of the French Consumer Code, the customer does not have the right of withdrawal provided for in article L. 121-20 of the French Consumer Code.<\/p><h2>Complaints<\/h2><p>Any complaint relating to a reservation must be sent by the Customer by registered post with acknowledgement of receipt to the following Hotel address, no later than fifteen (15) days following the last overnight stay, on pain of foreclosure:<\/p><p><strong>Allocation of jurisdiction and referral to the consumer ombudsman<\/strong><\/p><p>These General Terms and Conditions and the contractual relationship between the Service Provider and the Customer are governed by French law.<\/p><p>ALL DISPUTES TO WHICH THE PURCHASE AND SALE TRANSACTIONS ENTERED INTO PURSUANT TO THESE GENERAL TERMS AND CONDITIONS MAY GIVE RISE CONCERNING THEIR VALIDITY, INTERPRETATION, PERFORMANCE, TERMINATION, CONSEQUENCES AND CONSEQUENCES AND WHICH COULD NOT BE RESOLVED BETWEEN THE SERVICE PROVIDER AND THE CUSTOMER SHALL BE SUBMITTED TO THE COMPETENT COURTS UNDER THE CONDITIONS OF COMMON LAW.<\/p><p>However, the Customer undertakes to seek an amicable solution before taking any legal action.<\/p><p>After referring the matter to the customer service department and failing a satisfactory response within 15 days, the customer may refer the matter to the Tourism and Travel Ombudsman, whose contact details are given below:<\/p><p>MTV M\u00e9diation Tourisme Voyage<br \/>BP 80 303<br \/>75823 Paris Cedex 17 France<br \/>Email: <a href=\"mailto:info@mtv.travel\">info@mtv.travel<\/a><\/p><p>For more information about the Tourism and Travel Ombudsman, the Customer may consult his website: www.mtv.travel.<\/p><p>Customers are informed that they may visit the European platform for Online Dispute Resolution (ODR) between consumers and professionals: <a href=\"https:\/\/ec.europa.eu\/consumers\/odr\/main\/index.cfm\">https:\/\/ec.europa.eu\/consumers\/odr\/main\/index.cfm<\/a><\/p><h2>Opposition to telephone canvassing<\/h2><p>In accordance with <strong>article L.223-1 of the French Consumer Code<\/strong>, all consumers have the option of registering free of charge on the BLOCTEL telephone cold calling opposition list.<br \/>For more information or to register, please visit the official website: <a href=\"https:\/\/www.bloctel.gouv.fr\" target=\"_blank\" rel=\"noopener\">www.bloctel.gouv.fr<\/a>.<br \/>If your telephone number is collected as part of our activities, you are informed of your right to oppose any telephone canvassing by registering on this list.<\/p><h2>Photo credits<\/h2><p>SOCI\u00c9T\u00c9 H\u00d4TELI\u00c8RE DU BOURG TIBOURG, <a href=\"https:\/\/www.maximiliensporschill.com\" target=\"_blank\" rel=\"noopener\">Maximilien Sporschill, <\/a>Adobe Stock, Envato Elements, Wikimedia (<a href=\"https:\/\/creativecommons.org\/licenses\/by-sa\/4.0\" target=\"_blank\" rel=\"noopener\">CC BY-SA 4.0<\/a> via Wikimedia Commons)<\/p><ul><li>user:djampa (photo Pletzl rue des Ecouffes Oratoire Fleischman)<\/li><li>user MOSSOT (photo Jardin des Tuileries with statues and the Marsan pavilion of the Louvre palace)<\/li><\/ul>\t\t\t\t\t\t\t\t<\/div>\n\t\t\t\t<\/div>\n\t\t\t\t<\/div>\n\t\t\t\t<\/div>\n\t\t","protected":false},"excerpt":{"rendered":"<p>\/*! elementor &#8211; v3.23.0 &#8211; 15-07-2024 *\/ .elementor-heading-title{padding:0;margin:0;line-height:1}.elementor-widget-heading .elementor-heading-title[class*=elementor-size-]&gt;a{color:inherit;font-size:inherit;line-height:inherit}.elementor-widget-heading .elementor-heading-title.elementor-size-small{font-size:15px}.elementor-widget-heading .elementor-heading-title.elementor-size-medium{font-size:19px}.elementor-widget-heading .elementor-heading-title.elementor-size-large{font-size:29px}.elementor-widget-heading .elementor-heading-title.elementor-size-xl{font-size:39px}.elementor-widget-heading .elementor-heading-title.elementor-size-xxl{font-size:59px} Legal notices H\u00f4tel de Nice Consultation of the &#8220;www.hoteldenice.com&#8221; website implies unreserved acceptance of these conditions of use. Site publisher identification Company: SOCI\u00c9T\u00c9 H\u00d4TELI\u00c8RE DU BOURG TIBOURGRegistered office: 42 bis Rue de Rivoli, 75004 Paris, FranceTelephone: +33 (0) 1 42 78 [&hellip;]<\/p>\n","protected":false},"author":2,"featured_media":5034,"parent":0,"menu_order":0,"comment_status":"closed","ping_status":"closed","template":"","meta":{"_acf_changed":false,"footnotes":""},"class_list":["post-5033","page","type-page","status-publish","has-post-thumbnail","hentry"],"acf":[],"_links":{"self":[{"href":"https:\/\/www.hoteldenice.com\/en\/wp-json\/wp\/v2\/pages\/5033","targetHints":{"allow":["GET"]}}],"collection":[{"href":"https:\/\/www.hoteldenice.com\/en\/wp-json\/wp\/v2\/pages"}],"about":[{"href":"https:\/\/www.hoteldenice.com\/en\/wp-json\/wp\/v2\/types\/page"}],"author":[{"embeddable":true,"href":"https:\/\/www.hoteldenice.com\/en\/wp-json\/wp\/v2\/users\/2"}],"replies":[{"embeddable":true,"href":"https:\/\/www.hoteldenice.com\/en\/wp-json\/wp\/v2\/comments?post=5033"}],"version-history":[{"count":13,"href":"https:\/\/www.hoteldenice.com\/en\/wp-json\/wp\/v2\/pages\/5033\/revisions"}],"predecessor-version":[{"id":6025,"href":"https:\/\/www.hoteldenice.com\/en\/wp-json\/wp\/v2\/pages\/5033\/revisions\/6025"}],"wp:featuredmedia":[{"embeddable":true,"href":"https:\/\/www.hoteldenice.com\/en\/wp-json\/wp\/v2\/media\/5034"}],"wp:attachment":[{"href":"https:\/\/www.hoteldenice.com\/en\/wp-json\/wp\/v2\/media?parent=5033"}],"curies":[{"name":"wp","href":"https:\/\/api.w.org\/{rel}","templated":true}]}}